{"id":72,"date":"2020-03-24T16:18:26","date_gmt":"2020-03-24T20:18:26","guid":{"rendered":"https:\/\/www.brasseurssurdemande.com\/bsd\/?post_type=product&#038;p=72"},"modified":"2021-04-03T06:42:22","modified_gmt":"2021-04-03T10:42:22","slug":"xl-whiskley-ale","status":"publish","type":"product","link":"https:\/\/www.brasseurssurdemande.com\/bsd\/produit\/xl-whiskley-ale\/","title":{"rendered":"XL &#8211; WHISKLEY ALE"},"content":{"rendered":"<h6>BI\u00c8RE FORTE AMBR\u00c9E ET TOURB\u00c9E &#8211; 8,0% ALC.\/VOL.<\/h6>\n<p>La XL Whiskey Ale offre des notes de tourbes bien balanc\u00e9es, qui sauront ravir les amateurs de whiskey. Une bi\u00e8re de garde \u00e0 d\u00e9guster d\u00e8s maintenant ou dans plusieurs mois.<\/p>\n","protected":false},"excerpt":{"rendered":"<p>BI\u00c8RE FORTE AMBR\u00c9E ET TOURB\u00c9E &#8211; 8,0% ALC.\/VOL. La XL Whiskey Ale offre des notes de tourbes bien balanc\u00e9es, qui sauront ravir les amateurs de whiskey. Une bi\u00e8re de garde \u00e0 d\u00e9guster d\u00e8s maintenant ou dans plusieurs mois.<\/p>\n","protected":false},"featured_media":69,"comment_status":"open","ping_status":"closed","template":"","meta":{"_acf_changed":false},"product_brand":[],"product_cat":[47,35],"product_tag":[],"class_list":{"0":"post-72","1":"product","2":"type-product","3":"status-publish","4":"has-post-thumbnail","6":"product_cat-4-pack","7":"product_cat-a-lunite","9":"first","10":"outofstock","11":"virtual","12":"taxable","13":"purchasable","14":"product-type-simple"},"acf":[],"jetpack_sharing_enabled":true,"_links":{"self":[{"href":"https:\/\/www.brasseurssurdemande.com\/bsd\/wp-json\/wp\/v2\/product\/72","targetHints":{"allow":["GET"]}}],"collection":[{"href":"https:\/\/www.brasseurssurdemande.com\/bsd\/wp-json\/wp\/v2\/product"}],"about":[{"href":"https:\/\/www.brasseurssurdemande.com\/bsd\/wp-json\/wp\/v2\/types\/product"}],"replies":[{"embeddable":true,"href":"https:\/\/www.brasseurssurdemande.com\/bsd\/wp-json\/wp\/v2\/comments?post=72"}],"wp:featuredmedia":[{"embeddable":true,"href":"https:\/\/www.brasseurssurdemande.com\/bsd\/wp-json\/wp\/v2\/media\/69"}],"wp:attachment":[{"href":"https:\/\/www.brasseurssurdemande.com\/bsd\/wp-json\/wp\/v2\/media?parent=72"}],"wp:term":[{"taxonomy":"product_brand","embeddable":true,"href":"https:\/\/www.brasseurssurdemande.com\/bsd\/wp-json\/wp\/v2\/product_brand?post=72"},{"taxonomy":"product_cat","embeddable":true,"href":"https:\/\/www.brasseurssurdemande.com\/bsd\/wp-json\/wp\/v2\/product_cat?post=72"},{"taxonomy":"product_tag","embeddable":true,"href":"https:\/\/www.brasseurssurdemande.com\/bsd\/wp-json\/wp\/v2\/product_tag?post=72"}],"curies":[{"name":"wp","href":"https:\/\/api.w.org\/{rel}","templated":true}]}}