{"id":65,"date":"2020-03-24T13:16:40","date_gmt":"2020-03-24T17:16:40","guid":{"rendered":"https:\/\/www.brasseurssurdemande.com\/bsd\/?post_type=product&#038;p=65"},"modified":"2021-05-28T17:44:46","modified_gmt":"2021-05-28T21:44:46","slug":"pale-ale-strata","status":"publish","type":"product","link":"https:\/\/www.brasseurssurdemande.com\/bsd\/produit\/pale-ale-strata\/","title":{"rendered":"PALE ALE STRATA"},"content":{"rendered":"<h6>PALE ALE MONO-HOUBLON STRATA &#8211; 5,6% ALC.\/VOL.<\/h6>\n<p>Le houblon STRATA, d\u2019origine am\u00e9ricaine, offre des flaveurs de fruits de la passion, de poires, et parfois m\u00eame de cannabis&#8230; Cette PALE ALE, offerte en \u00e9dition limit\u00e9e, permet aux amateurs de houblon de profiter pleinement des propri\u00e9t\u00e9s de ce houblon si particulier.<\/p>\n","protected":false},"excerpt":{"rendered":"<p>PALE ALE MONO-HOUBLON STRATA &#8211; 5,6% ALC.\/VOL. Le houblon STRATA, d\u2019origine am\u00e9ricaine, offre des flaveurs de fruits de la passion, de poires, et parfois m\u00eame de cannabis&#8230; Cette PALE ALE, offerte en \u00e9dition limit\u00e9e, permet aux amateurs de houblon de profiter pleinement des propri\u00e9t\u00e9s de ce houblon si particulier.<\/p>\n","protected":false},"featured_media":68,"comment_status":"open","ping_status":"closed","template":"","meta":{"_acf_changed":false},"product_brand":[],"product_cat":[47,35],"product_tag":[],"class_list":{"0":"post-65","1":"product","2":"type-product","3":"status-publish","4":"has-post-thumbnail","6":"product_cat-4-pack","7":"product_cat-a-lunite","9":"first","10":"outofstock","11":"virtual","12":"taxable","13":"purchasable","14":"product-type-simple"},"acf":[],"jetpack_sharing_enabled":true,"_links":{"self":[{"href":"https:\/\/www.brasseurssurdemande.com\/bsd\/wp-json\/wp\/v2\/product\/65","targetHints":{"allow":["GET"]}}],"collection":[{"href":"https:\/\/www.brasseurssurdemande.com\/bsd\/wp-json\/wp\/v2\/product"}],"about":[{"href":"https:\/\/www.brasseurssurdemande.com\/bsd\/wp-json\/wp\/v2\/types\/product"}],"replies":[{"embeddable":true,"href":"https:\/\/www.brasseurssurdemande.com\/bsd\/wp-json\/wp\/v2\/comments?post=65"}],"wp:featuredmedia":[{"embeddable":true,"href":"https:\/\/www.brasseurssurdemande.com\/bsd\/wp-json\/wp\/v2\/media\/68"}],"wp:attachment":[{"href":"https:\/\/www.brasseurssurdemande.com\/bsd\/wp-json\/wp\/v2\/media?parent=65"}],"wp:term":[{"taxonomy":"product_brand","embeddable":true,"href":"https:\/\/www.brasseurssurdemande.com\/bsd\/wp-json\/wp\/v2\/product_brand?post=65"},{"taxonomy":"product_cat","embeddable":true,"href":"https:\/\/www.brasseurssurdemande.com\/bsd\/wp-json\/wp\/v2\/product_cat?post=65"},{"taxonomy":"product_tag","embeddable":true,"href":"https:\/\/www.brasseurssurdemande.com\/bsd\/wp-json\/wp\/v2\/product_tag?post=65"}],"curies":[{"name":"wp","href":"https:\/\/api.w.org\/{rel}","templated":true}]}}