{"id":63,"date":"2020-05-24T13:10:12","date_gmt":"2020-05-24T17:10:12","guid":{"rendered":"https:\/\/www.brasseurssurdemande.com\/bsd\/?post_type=product&#038;p=63"},"modified":"2021-08-03T15:50:14","modified_gmt":"2021-08-03T19:50:14","slug":"ipa-equatoriale","status":"publish","type":"product","link":"https:\/\/www.brasseurssurdemande.com\/bsd\/produit\/ipa-equatoriale\/","title":{"rendered":"IPA \u00c9QUATORIALE"},"content":{"rendered":"<h6>MILKSHAKE IPA &#8211; 6,3% ALC.\/VOL.<\/h6>\n<p>Quand une chaleur \u00e9quatoriale r\u00e8gne sur notre brasserie, nos brasseurs sont pris de folie aromatique&#8230; Du houblon en quantit\u00e9, du cassis, de la vanille et encore un peu de houblon, pour obtenir une d\u00e9lirante IPA fruit\u00e9e que le lactose vient adoucir. Du bonbon!<\/p>\n<p>*** Contient du lactose ***<\/p>\n","protected":false},"excerpt":{"rendered":"<p>MILKSHAKE IPA &#8211; 6,3% ALC.\/VOL. Quand une chaleur \u00e9quatoriale r\u00e8gne sur notre brasserie, nos brasseurs sont pris de folie aromatique&#8230; Du houblon en quantit\u00e9, du cassis, de la vanille et encore un peu de houblon, pour obtenir une d\u00e9lirante IPA fruit\u00e9e que le lactose vient adoucir. Du bonbon! *** Contient du lactose ***<\/p>\n","protected":false},"featured_media":47,"comment_status":"open","ping_status":"closed","template":"","meta":{"_acf_changed":false},"product_brand":[],"product_cat":[47,35],"product_tag":[],"class_list":{"0":"post-63","1":"product","2":"type-product","3":"status-publish","4":"has-post-thumbnail","6":"product_cat-4-pack","7":"product_cat-a-lunite","9":"first","10":"outofstock","11":"featured","12":"virtual","13":"taxable","14":"purchasable","15":"product-type-simple"},"acf":[],"jetpack_sharing_enabled":true,"_links":{"self":[{"href":"https:\/\/www.brasseurssurdemande.com\/bsd\/wp-json\/wp\/v2\/product\/63","targetHints":{"allow":["GET"]}}],"collection":[{"href":"https:\/\/www.brasseurssurdemande.com\/bsd\/wp-json\/wp\/v2\/product"}],"about":[{"href":"https:\/\/www.brasseurssurdemande.com\/bsd\/wp-json\/wp\/v2\/types\/product"}],"replies":[{"embeddable":true,"href":"https:\/\/www.brasseurssurdemande.com\/bsd\/wp-json\/wp\/v2\/comments?post=63"}],"wp:featuredmedia":[{"embeddable":true,"href":"https:\/\/www.brasseurssurdemande.com\/bsd\/wp-json\/wp\/v2\/media\/47"}],"wp:attachment":[{"href":"https:\/\/www.brasseurssurdemande.com\/bsd\/wp-json\/wp\/v2\/media?parent=63"}],"wp:term":[{"taxonomy":"product_brand","embeddable":true,"href":"https:\/\/www.brasseurssurdemande.com\/bsd\/wp-json\/wp\/v2\/product_brand?post=63"},{"taxonomy":"product_cat","embeddable":true,"href":"https:\/\/www.brasseurssurdemande.com\/bsd\/wp-json\/wp\/v2\/product_cat?post=63"},{"taxonomy":"product_tag","embeddable":true,"href":"https:\/\/www.brasseurssurdemande.com\/bsd\/wp-json\/wp\/v2\/product_tag?post=63"}],"curies":[{"name":"wp","href":"https:\/\/api.w.org\/{rel}","templated":true}]}}