{"id":3414,"date":"2020-11-27T06:50:01","date_gmt":"2020-11-27T11:50:01","guid":{"rendered":"https:\/\/www.brasseurssurdemande.com\/bsd\/?post_type=product&#038;p=3414"},"modified":"2021-06-13T12:03:00","modified_gmt":"2021-06-13T16:03:00","slug":"sour-fuzz-peche-framboise","status":"publish","type":"product","link":"https:\/\/www.brasseurssurdemande.com\/bsd\/produit\/sour-fuzz-peche-framboise\/","title":{"rendered":"SOUR FUZZ P\u00caCHE-FRAMBOISE"},"content":{"rendered":"<h6>BI\u00c8RE SURE FRUIT\u00c9E &#8211; 4,5% ALC.\/VOL.<\/h6>\n<p>Une seule gorg\u00e9e suffit \u00e0 te transporter jusqu\u2019\u00e0 l\u2019\u00e9talage de bonbons de ton petit d\u00e9panneur pr\u00e9f\u00e9r\u00e9! Un vrai petit sac en papier rempli de framboises et de p\u00eaches sures, le meilleur Sour Fuzz de ta vie! \u00c0 boire en cas d\u2019amour des fruits, de nostalgie ou de rage de sucre.<\/p>\n<p>*** Contient du lactose<\/p>\n<h6><\/h6>\n","protected":false},"excerpt":{"rendered":"<p>BI\u00c8RE SURE FRUIT\u00c9E &#8211; 4,5% ALC.\/VOL. Une seule gorg\u00e9e suffit \u00e0 te transporter jusqu\u2019\u00e0 l\u2019\u00e9talage de bonbons de ton petit d\u00e9panneur pr\u00e9f\u00e9r\u00e9! Un vrai petit sac en papier rempli de framboises et de p\u00eaches sures, le meilleur Sour Fuzz de ta vie! \u00c0 boire en cas d\u2019amour des fruits, de nostalgie ou de rage de [&hellip;]<\/p>\n","protected":false},"featured_media":3415,"comment_status":"open","ping_status":"closed","template":"","meta":{"_acf_changed":false},"product_brand":[],"product_cat":[47,35],"product_tag":[],"class_list":{"0":"post-3414","1":"product","2":"type-product","3":"status-publish","4":"has-post-thumbnail","6":"product_cat-4-pack","7":"product_cat-a-lunite","9":"first","10":"outofstock","11":"featured","12":"taxable","13":"shipping-taxable","14":"purchasable","15":"product-type-simple"},"acf":[],"jetpack_sharing_enabled":true,"_links":{"self":[{"href":"https:\/\/www.brasseurssurdemande.com\/bsd\/wp-json\/wp\/v2\/product\/3414","targetHints":{"allow":["GET"]}}],"collection":[{"href":"https:\/\/www.brasseurssurdemande.com\/bsd\/wp-json\/wp\/v2\/product"}],"about":[{"href":"https:\/\/www.brasseurssurdemande.com\/bsd\/wp-json\/wp\/v2\/types\/product"}],"replies":[{"embeddable":true,"href":"https:\/\/www.brasseurssurdemande.com\/bsd\/wp-json\/wp\/v2\/comments?post=3414"}],"wp:featuredmedia":[{"embeddable":true,"href":"https:\/\/www.brasseurssurdemande.com\/bsd\/wp-json\/wp\/v2\/media\/3415"}],"wp:attachment":[{"href":"https:\/\/www.brasseurssurdemande.com\/bsd\/wp-json\/wp\/v2\/media?parent=3414"}],"wp:term":[{"taxonomy":"product_brand","embeddable":true,"href":"https:\/\/www.brasseurssurdemande.com\/bsd\/wp-json\/wp\/v2\/product_brand?post=3414"},{"taxonomy":"product_cat","embeddable":true,"href":"https:\/\/www.brasseurssurdemande.com\/bsd\/wp-json\/wp\/v2\/product_cat?post=3414"},{"taxonomy":"product_tag","embeddable":true,"href":"https:\/\/www.brasseurssurdemande.com\/bsd\/wp-json\/wp\/v2\/product_tag?post=3414"}],"curies":[{"name":"wp","href":"https:\/\/api.w.org\/{rel}","templated":true}]}}