{"id":3310,"date":"2020-10-22T19:31:32","date_gmt":"2020-10-22T23:31:32","guid":{"rendered":"https:\/\/www.brasseurssurdemande.com\/bsd\/?post_type=product&#038;p=3310"},"modified":"2021-06-13T12:03:47","modified_gmt":"2021-06-13T16:03:47","slug":"crowler-5-brise-ecosse","status":"publish","type":"product","link":"https:\/\/www.brasseurssurdemande.com\/bsd\/produit\/crowler-5-brise-ecosse\/","title":{"rendered":"CROWLER #5 &#8211; LA BRISE D&rsquo;\u00c9COSSE"},"content":{"rendered":"","protected":false},"excerpt":{"rendered":"<p>Pour une seconde fois, la ligne #1 du salon de d\u00e9gustation sort de son confinement!\u00a0 Chaque semaine, BsD vous offre sa ligne de f\u00fbt exp\u00e9rimentale pour emporter! Cette semaine:<\/p>\n<h6>CROWLER #5 &#8211; LA BRISE D&rsquo;\u00c9COSSE &#8211; BLONDE FUM\u00c9E &#8211; 5,0% ALC.\/VOL.<\/h6>\n<p>Le tout pr\u00e9sent\u00e9 dans la s\u00e9rie de canettes CROWLER!<\/p>\n","protected":false},"featured_media":2286,"comment_status":"open","ping_status":"closed","template":"","meta":{"_acf_changed":false},"product_brand":[],"product_cat":[35,54],"product_tag":[],"class_list":{"0":"post-3310","1":"product","2":"type-product","3":"status-publish","4":"has-post-thumbnail","6":"product_cat-a-lunite","7":"product_cat-la-ligne-1-crowlers","9":"first","10":"outofstock","11":"sold-individually","12":"taxable","13":"shipping-taxable","14":"purchasable","15":"product-type-simple"},"acf":[],"jetpack_sharing_enabled":true,"_links":{"self":[{"href":"https:\/\/www.brasseurssurdemande.com\/bsd\/wp-json\/wp\/v2\/product\/3310","targetHints":{"allow":["GET"]}}],"collection":[{"href":"https:\/\/www.brasseurssurdemande.com\/bsd\/wp-json\/wp\/v2\/product"}],"about":[{"href":"https:\/\/www.brasseurssurdemande.com\/bsd\/wp-json\/wp\/v2\/types\/product"}],"replies":[{"embeddable":true,"href":"https:\/\/www.brasseurssurdemande.com\/bsd\/wp-json\/wp\/v2\/comments?post=3310"}],"wp:featuredmedia":[{"embeddable":true,"href":"https:\/\/www.brasseurssurdemande.com\/bsd\/wp-json\/wp\/v2\/media\/2286"}],"wp:attachment":[{"href":"https:\/\/www.brasseurssurdemande.com\/bsd\/wp-json\/wp\/v2\/media?parent=3310"}],"wp:term":[{"taxonomy":"product_brand","embeddable":true,"href":"https:\/\/www.brasseurssurdemande.com\/bsd\/wp-json\/wp\/v2\/product_brand?post=3310"},{"taxonomy":"product_cat","embeddable":true,"href":"https:\/\/www.brasseurssurdemande.com\/bsd\/wp-json\/wp\/v2\/product_cat?post=3310"},{"taxonomy":"product_tag","embeddable":true,"href":"https:\/\/www.brasseurssurdemande.com\/bsd\/wp-json\/wp\/v2\/product_tag?post=3310"}],"curies":[{"name":"wp","href":"https:\/\/api.w.org\/{rel}","templated":true}]}}